{"id":645,"date":"2017-05-09T10:32:39","date_gmt":"2017-05-09T08:32:39","guid":{"rendered":"https:\/\/quiropracticaryan.com\/resultados\/"},"modified":"2017-07-13T09:49:08","modified_gmt":"2017-07-13T07:49:08","slug":"resultados","status":"publish","type":"page","link":"https:\/\/quiropracticaryan.com\/en\/resultados\/","title":{"rendered":"Results"},"content":{"rendered":"<div id=\"pl-645\"  class=\"panel-layout\" ><div id=\"pg-645-0\"  class=\"panel-grid panel-has-style\" ><div class=\"siteorigin-panels-stretch panel-row-style panel-row-style-for-645-0\" data-stretch-type=\"full-stretched\" ><div id=\"pgc-645-0-0\"  class=\"panel-grid-cell\" ><div id=\"panel-645-0-0-0\" class=\"so-panel widget widget_sow-image panel-first-child panel-last-child\" data-index=\"0\" ><div\n\t\t\t\n\t\t\tclass=\"so-widget-sow-image so-widget-sow-image-default-dbf295114b96-645\"\n\t\t\t\n\t\t>\n<div class=\"sow-image-container\">\n\t\t<img \n\tsrc=\"https:\/\/quiropracticaryan.com\/wp-content\/uploads\/2016\/05\/quiropractica-ryan.jpg\" width=\"1380\" height=\"527\" srcset=\"https:\/\/quiropracticaryan.com\/wp-content\/uploads\/2016\/05\/quiropractica-ryan.jpg 1380w, https:\/\/quiropracticaryan.com\/wp-content\/uploads\/2016\/05\/quiropractica-ryan-300x115.jpg 300w, https:\/\/quiropracticaryan.com\/wp-content\/uploads\/2016\/05\/quiropractica-ryan-768x293.jpg 768w, https:\/\/quiropracticaryan.com\/wp-content\/uploads\/2016\/05\/quiropractica-ryan-1024x391.jpg 1024w\" sizes=\"(max-width: 1380px) 100vw, 1380px\" alt=\"sesi\u00f3n quiropr\u00e1ctica\" \t\tclass=\"so-widget-image\"\/>\n\t<\/div>\n\n<\/div><\/div><\/div><\/div><\/div><div id=\"pg-645-1\"  class=\"panel-grid panel-has-style\" ><div class=\"siteorigin-panels-stretch panel-row-style panel-row-style-for-645-1\" data-stretch-type=\"full\" ><div id=\"pgc-645-1-0\"  class=\"panel-grid-cell\" ><div id=\"panel-645-1-0-0\" class=\"so-panel widget widget_sow-editor panel-first-child panel-last-child\" data-index=\"1\" ><div\n\t\t\t\n\t\t\tclass=\"so-widget-sow-editor so-widget-sow-editor-base\"\n\t\t\t\n\t\t><h3 class=\"widget-title\">Chiropractic<\/h3>\n<div class=\"siteorigin-widget-tinymce textwidget\">\n\t<p><span style=\"font-weight: 400;\">Chiropractic is a health profession that deals with the diagnosis, treatment and prevention of musculoskeletal disorders, in addition to the effects caused to the nervous system and general health by these.<\/span><\/p>\n<p><span style=\"font-weight: 400;\">The main focus points of chiropractic are the spine, nervous system and joints which are the focal points of structural biomechanical problems that affect our health.<\/span><\/p>\n<p><span style=\"font-weight: 400;\">Due to daily stress, our body can suffer disorders which can have a negative impact on our biomechanical system, leading to adverse neurological changes.<\/span><\/p>\n<h3>Chiropractic tackles and prevents these body disorders through specific adjustments.<\/h3>\n<p>Specific adjustments carried out during chiropractic sessions change the position of the spine, recovering mobility and eliminating stress caused to the nervous system, thus making regeneration significantly easier.<\/p>\n<p>Clients that trust chiropractic sleep better, de-stress notably, notice how pain diminishes, stimulate their immune system, improve their brain activity and consequently feel more active. They ultimately and without doubt, improve their life quality.<\/p>\n<p>&nbsp;<\/p>\n<\/div>\n<\/div><\/div><\/div><\/div><\/div><div id=\"pg-645-2\"  class=\"panel-grid panel-has-style\" ><div class=\"panel-row-style panel-row-style-for-645-2\" ><div id=\"pgc-645-2-0\"  class=\"panel-grid-cell\" ><div id=\"panel-645-2-0-0\" class=\"so-panel widget widget_sow-editor panel-first-child panel-last-child\" data-index=\"2\" ><div class=\"big-h2 panel-widget-style panel-widget-style-for-645-2-0-0\" ><div\n\t\t\t\n\t\t\tclass=\"so-widget-sow-editor so-widget-sow-editor-base\"\n\t\t\t\n\t\t><h3 class=\"widget-title\">Improve your life quality<\/h3>\n<div class=\"siteorigin-widget-tinymce textwidget\">\n\t<h2>Benefits<\/h2>\n<p>Benefits provided by chiropractic go further than just solving a health problem, it can prove beneficial to your general well-being in a variety of ways. This, of course, leads to a series of unique health benefits that make the existence of chiropractic necessary in today\u2019s world.<\/p>\n<\/div>\n<\/div><\/div><\/div><\/div><\/div><\/div><div id=\"pg-645-3\"  class=\"panel-grid panel-has-style\" ><div class=\"little-title panel-row-style panel-row-style-for-645-3\" ><div id=\"pgc-645-3-0\"  class=\"panel-grid-cell\" ><div id=\"panel-645-3-0-0\" class=\"so-panel widget widget_sow-editor panel-first-child panel-last-child\" data-index=\"3\" ><div\n\t\t\t\n\t\t\tclass=\"so-widget-sow-editor so-widget-sow-editor-base\"\n\t\t\t\n\t\t><h3 class=\"widget-title\">1. Health on the physical front<\/h3>\n<div class=\"siteorigin-widget-tinymce textwidget\">\n\t<p>Subluxation is a physical problem in the spine that can lead to the patient having further health issues.<\/p>\n<\/div>\n<\/div><\/div><\/div><div id=\"pgc-645-3-1\"  class=\"panel-grid-cell\" ><div id=\"panel-645-3-1-0\" class=\"so-panel widget widget_sow-editor panel-first-child panel-last-child\" data-index=\"4\" ><div\n\t\t\t\n\t\t\tclass=\"so-widget-sow-editor so-widget-sow-editor-base\"\n\t\t\t\n\t\t><h3 class=\"widget-title\">2. Health on the biomechanical front<\/h3>\n<div class=\"siteorigin-widget-tinymce textwidget\">\n\t<p>Many legal substances we take are counterproductive to our health and have a direct impact our discomfort directly.<\/p>\n<\/div>\n<\/div><\/div><\/div><div id=\"pgc-645-3-2\"  class=\"panel-grid-cell\" ><div id=\"panel-645-3-2-0\" class=\"so-panel widget widget_sow-editor panel-first-child panel-last-child\" data-index=\"5\" ><div\n\t\t\t\n\t\t\tclass=\"so-widget-sow-editor so-widget-sow-editor-base\"\n\t\t\t\n\t\t><h3 class=\"widget-title\">3. Health on the emotional front<\/h3>\n<div class=\"siteorigin-widget-tinymce textwidget\">\n\t<p>This is one of the least thought of health aspects by both the patient and the world of medicine. It causes direct damage to our body.<\/p>\n<\/div>\n<\/div><\/div><\/div><div id=\"pgc-645-3-3\"  class=\"panel-grid-cell\" ><div id=\"panel-645-3-3-0\" class=\"so-panel widget widget_sow-editor panel-first-child panel-last-child\" data-index=\"6\" ><div\n\t\t\t\n\t\t\tclass=\"so-widget-sow-editor so-widget-sow-editor-base\"\n\t\t\t\n\t\t><h3 class=\"widget-title\">4. Rise in performance levels<\/h3>\n<div class=\"siteorigin-widget-tinymce textwidget\">\n\t<p>Many elite sportspeople and dancers trust chiropractic but a lot of other sport professionals can also improve their performance levels.<\/p>\n<\/div>\n<\/div><\/div><\/div><\/div><\/div><div id=\"pg-645-4\"  class=\"panel-grid panel-has-style\" ><div class=\"gradiente siteorigin-panels-stretch panel-row-style panel-row-style-for-645-4\" data-stretch-type=\"full\" ><div id=\"pgc-645-4-0\"  class=\"panel-grid-cell\" ><div id=\"panel-645-4-0-0\" class=\"so-panel widget widget_sow-image panel-first-child panel-last-child\" data-index=\"7\" ><div\n\t\t\t\n\t\t\tclass=\"so-widget-sow-image so-widget-sow-image-default-8b5b6f678277-645\"\n\t\t\t\n\t\t>\n<div class=\"sow-image-container\">\n\t\t<img \n\tsrc=\"https:\/\/quiropracticaryan.com\/wp-content\/uploads\/2017\/05\/columna-recorte.png\" width=\"1920\" height=\"960\" srcset=\"https:\/\/quiropracticaryan.com\/wp-content\/uploads\/2017\/05\/columna-recorte.png 1920w, https:\/\/quiropracticaryan.com\/wp-content\/uploads\/2017\/05\/columna-recorte-300x150.png 300w, https:\/\/quiropracticaryan.com\/wp-content\/uploads\/2017\/05\/columna-recorte-768x384.png 768w, https:\/\/quiropracticaryan.com\/wp-content\/uploads\/2017\/05\/columna-recorte-1024x512.png 1024w\" sizes=\"(max-width: 1920px) 100vw, 1920px\" title=\"Columna recorte\" alt=\"recortes de la columna\" \t\tclass=\"so-widget-image\"\/>\n\t<\/div>\n\n<\/div><\/div><\/div><div id=\"pgc-645-4-1\"  class=\"panel-grid-cell\" ><div id=\"panel-645-4-1-0\" class=\"so-panel widget widget_sow-editor panel-first-child panel-last-child\" data-index=\"8\" ><div class=\"panel-widget-style panel-widget-style-for-645-4-1-0\" ><div\n\t\t\t\n\t\t\tclass=\"so-widget-sow-editor so-widget-sow-editor-base\"\n\t\t\t\n\t\t>\n<div class=\"siteorigin-widget-tinymce textwidget\">\n\t<ul>\n<li>Feel better both physically and mentally.<\/li>\n<li>Reduce stress, neck and back pains and headaches.<\/li>\n<li>Reach peak performance levels thanks to chiropractic.<\/li>\n<li>Improve your quality of life.<\/li>\n<\/ul>\n<p>&nbsp;<\/p>\n<\/div>\n<\/div><\/div><\/div><\/div><\/div><\/div><div id=\"pg-645-5\"  class=\"panel-grid panel-has-style\" ><div class=\"resultados siteorigin-panels-stretch panel-row-style panel-row-style-for-645-5\" data-stretch-type=\"full\" ><div id=\"pgc-645-5-0\"  class=\"panel-grid-cell\" ><div id=\"panel-645-5-0-0\" class=\"so-panel widget widget_sow-editor panel-first-child\" data-index=\"9\" ><div class=\"big-h2 panel-widget-style panel-widget-style-for-645-5-0-0\" ><div\n\t\t\t\n\t\t\tclass=\"so-widget-sow-editor so-widget-sow-editor-base\"\n\t\t\t\n\t\t><h3 class=\"widget-title\">Clients<\/h3>\n<div class=\"siteorigin-widget-tinymce textwidget\">\n\t<h2>Testimonials<\/h2>\n<\/div>\n<\/div><\/div><\/div><div id=\"panel-645-5-0-1\" class=\"so-panel widget widget_featured-post featured-content featuredpost panel-last-child\" data-index=\"10\" ><\/div><\/div><\/div><\/div><\/div>","protected":false},"excerpt":{"rendered":"<p>Chiropractic is a health profession that deals with the diagnosis, treatment and prevention of musculoskeletal disorders, in addition to the effects caused to the nervous system and general health by&#8230;<\/p>\n","protected":false},"author":2,"featured_media":0,"parent":0,"menu_order":0,"comment_status":"closed","ping_status":"closed","template":"","meta":{"inline_featured_image":false,"_genesis_hide_title":false,"_genesis_hide_breadcrumbs":false,"_genesis_hide_singular_image":false,"_genesis_hide_footer_widgets":false,"_genesis_custom_body_class":"","_genesis_custom_post_class":"","_genesis_layout":"","footnotes":""},"class_list":{"0":"post-645","1":"page","2":"type-page","3":"status-publish","5":"entry"},"featured_image_urls_v2":{"full":"","thumbnail":"","medium":"","medium_large":"","large":"","ttshowcase_normal":"","ttshowcase_small":"","1536x1536":"","2048x2048":"","featured-image":"","miniatura_colectivo":"","miniatura_blog":"","destacada_pagina":"","mailchimp":"","sow-carousel-default":""},"post_excerpt_stackable_v2":"<p>Chiropractic Chiropractic is a health profession that deals with the diagnosis, treatment and prevention of musculoskeletal disorders, in addition to the effects caused to the nervous system and general health by these. The main focus points of chiropractic are the spine, nervous system and joints which are the focal points of structural biomechanical problems that affect our health. Due to daily stress, our body can suffer disorders which can have a negative impact on our biomechanical system, leading to adverse neurological changes. Chiropractic tackles and prevents these body disorders through specific adjustments. Specific adjustments carried out during chiropractic sessions change&hellip;<\/p>\n","category_list_v2":"","author_info_v2":{"name":"Sacramento J\u00e1imez","url":"https:\/\/quiropracticaryan.com\/en\/author\/sacra\/"},"comments_num_v2":"0 comments","yoast_head":"<!-- This site is optimized with the Yoast SEO plugin v27.5 - https:\/\/yoast.com\/product\/yoast-seo-wordpress\/ -->\n<title>Resultados de la Quiropr\u00e1ctica en pacientes - Mejora tu calidad de vida<\/title>\n<meta name=\"description\" content=\"La Asociaci\u00f3n Espa\u00f1ola de Quiropr\u00e1ctica agrupa a los profesionales de esta especialidad e impone los mismo requisitos dictados por la OMS.\" \/>\n<meta name=\"robots\" content=\"index, follow, max-snippet:-1, max-image-preview:large, max-video-preview:-1\" \/>\n<link rel=\"canonical\" href=\"https:\/\/quiropracticaryan.com\/en\/resultados\/\" \/>\n<meta property=\"og:locale\" content=\"en_US\" \/>\n<meta property=\"og:type\" content=\"article\" \/>\n<meta property=\"og:title\" content=\"Resultados de la Quiropr\u00e1ctica en pacientes - Mejora tu calidad de vida\" \/>\n<meta property=\"og:description\" content=\"La Asociaci\u00f3n Espa\u00f1ola de Quiropr\u00e1ctica agrupa a los profesionales de esta especialidad e impone los mismo requisitos dictados por la OMS.\" \/>\n<meta property=\"og:url\" content=\"https:\/\/quiropracticaryan.com\/en\/resultados\/\" \/>\n<meta property=\"og:site_name\" content=\"Quiropr\u00e1ctica Ryan\" \/>\n<meta property=\"article:publisher\" content=\"https:\/\/www.facebook.com\/pg\/quiropracticaryan\/\" \/>\n<meta property=\"article:modified_time\" content=\"2017-07-13T07:49:08+00:00\" \/>\n<meta property=\"og:image\" content=\"https:\/\/quiropracticaryan.com\/wp-content\/uploads\/2016\/05\/quiropractica-ryan.jpg\" \/>\n<meta name=\"twitter:card\" content=\"summary_large_image\" \/>\n<meta name=\"twitter:site\" content=\"@RyanCevola\" \/>\n<meta name=\"twitter:label1\" content=\"Est. reading time\" \/>\n\t<meta name=\"twitter:data1\" content=\"2 minutes\" \/>\n<script type=\"application\/ld+json\" class=\"yoast-schema-graph\">{\"@context\":\"https:\\\/\\\/schema.org\",\"@graph\":[{\"@type\":\"WebPage\",\"@id\":\"https:\\\/\\\/quiropracticaryan.com\\\/en\\\/resultados\\\/\",\"url\":\"https:\\\/\\\/quiropracticaryan.com\\\/en\\\/resultados\\\/\",\"name\":\"Resultados de la Quiropr\u00e1ctica en pacientes - Mejora tu calidad de vida\",\"isPartOf\":{\"@id\":\"https:\\\/\\\/quiropracticaryan.com\\\/#website\"},\"primaryImageOfPage\":{\"@id\":\"https:\\\/\\\/quiropracticaryan.com\\\/en\\\/resultados\\\/#primaryimage\"},\"image\":{\"@id\":\"https:\\\/\\\/quiropracticaryan.com\\\/en\\\/resultados\\\/#primaryimage\"},\"thumbnailUrl\":\"https:\\\/\\\/quiropracticaryan.com\\\/wp-content\\\/uploads\\\/2016\\\/05\\\/quiropractica-ryan.jpg\",\"datePublished\":\"2017-05-09T08:32:39+00:00\",\"dateModified\":\"2017-07-13T07:49:08+00:00\",\"description\":\"La Asociaci\u00f3n Espa\u00f1ola de Quiropr\u00e1ctica agrupa a los profesionales de esta especialidad e impone los mismo requisitos dictados por la OMS.\",\"breadcrumb\":{\"@id\":\"https:\\\/\\\/quiropracticaryan.com\\\/en\\\/resultados\\\/#breadcrumb\"},\"inLanguage\":\"en-US\",\"potentialAction\":[{\"@type\":\"ReadAction\",\"target\":[\"https:\\\/\\\/quiropracticaryan.com\\\/en\\\/resultados\\\/\"]}]},{\"@type\":\"ImageObject\",\"inLanguage\":\"en-US\",\"@id\":\"https:\\\/\\\/quiropracticaryan.com\\\/en\\\/resultados\\\/#primaryimage\",\"url\":\"https:\\\/\\\/quiropracticaryan.com\\\/wp-content\\\/uploads\\\/2016\\\/05\\\/quiropractica-ryan.jpg\",\"contentUrl\":\"https:\\\/\\\/quiropracticaryan.com\\\/wp-content\\\/uploads\\\/2016\\\/05\\\/quiropractica-ryan.jpg\"},{\"@type\":\"BreadcrumbList\",\"@id\":\"https:\\\/\\\/quiropracticaryan.com\\\/en\\\/resultados\\\/#breadcrumb\",\"itemListElement\":[{\"@type\":\"ListItem\",\"position\":1,\"name\":\"Portada\",\"item\":\"https:\\\/\\\/quiropracticaryan.com\\\/en\\\/\"},{\"@type\":\"ListItem\",\"position\":2,\"name\":\"Results\"}]},{\"@type\":\"WebSite\",\"@id\":\"https:\\\/\\\/quiropracticaryan.com\\\/#website\",\"url\":\"https:\\\/\\\/quiropracticaryan.com\\\/\",\"name\":\"Quiropr\u00e1ctica Ryan\",\"description\":\"\",\"potentialAction\":[{\"@type\":\"SearchAction\",\"target\":{\"@type\":\"EntryPoint\",\"urlTemplate\":\"https:\\\/\\\/quiropracticaryan.com\\\/?s={search_term_string}\"},\"query-input\":{\"@type\":\"PropertyValueSpecification\",\"valueRequired\":true,\"valueName\":\"search_term_string\"}}],\"inLanguage\":\"en-US\"}]}<\/script>\n<!-- \/ Yoast SEO plugin. -->","yoast_head_json":{"title":"Resultados de la Quiropr\u00e1ctica en pacientes - Mejora tu calidad de vida","description":"La Asociaci\u00f3n Espa\u00f1ola de Quiropr\u00e1ctica agrupa a los profesionales de esta especialidad e impone los mismo requisitos dictados por la OMS.","robots":{"index":"index","follow":"follow","max-snippet":"max-snippet:-1","max-image-preview":"max-image-preview:large","max-video-preview":"max-video-preview:-1"},"canonical":"https:\/\/quiropracticaryan.com\/en\/resultados\/","og_locale":"en_US","og_type":"article","og_title":"Resultados de la Quiropr\u00e1ctica en pacientes - Mejora tu calidad de vida","og_description":"La Asociaci\u00f3n Espa\u00f1ola de Quiropr\u00e1ctica agrupa a los profesionales de esta especialidad e impone los mismo requisitos dictados por la OMS.","og_url":"https:\/\/quiropracticaryan.com\/en\/resultados\/","og_site_name":"Quiropr\u00e1ctica Ryan","article_publisher":"https:\/\/www.facebook.com\/pg\/quiropracticaryan\/","article_modified_time":"2017-07-13T07:49:08+00:00","og_image":[{"url":"https:\/\/quiropracticaryan.com\/wp-content\/uploads\/2016\/05\/quiropractica-ryan.jpg","type":"","width":"","height":""}],"twitter_card":"summary_large_image","twitter_site":"@RyanCevola","twitter_misc":{"Est. reading time":"2 minutes"},"schema":{"@context":"https:\/\/schema.org","@graph":[{"@type":"WebPage","@id":"https:\/\/quiropracticaryan.com\/en\/resultados\/","url":"https:\/\/quiropracticaryan.com\/en\/resultados\/","name":"Resultados de la Quiropr\u00e1ctica en pacientes - Mejora tu calidad de vida","isPartOf":{"@id":"https:\/\/quiropracticaryan.com\/#website"},"primaryImageOfPage":{"@id":"https:\/\/quiropracticaryan.com\/en\/resultados\/#primaryimage"},"image":{"@id":"https:\/\/quiropracticaryan.com\/en\/resultados\/#primaryimage"},"thumbnailUrl":"https:\/\/quiropracticaryan.com\/wp-content\/uploads\/2016\/05\/quiropractica-ryan.jpg","datePublished":"2017-05-09T08:32:39+00:00","dateModified":"2017-07-13T07:49:08+00:00","description":"La Asociaci\u00f3n Espa\u00f1ola de Quiropr\u00e1ctica agrupa a los profesionales de esta especialidad e impone los mismo requisitos dictados por la OMS.","breadcrumb":{"@id":"https:\/\/quiropracticaryan.com\/en\/resultados\/#breadcrumb"},"inLanguage":"en-US","potentialAction":[{"@type":"ReadAction","target":["https:\/\/quiropracticaryan.com\/en\/resultados\/"]}]},{"@type":"ImageObject","inLanguage":"en-US","@id":"https:\/\/quiropracticaryan.com\/en\/resultados\/#primaryimage","url":"https:\/\/quiropracticaryan.com\/wp-content\/uploads\/2016\/05\/quiropractica-ryan.jpg","contentUrl":"https:\/\/quiropracticaryan.com\/wp-content\/uploads\/2016\/05\/quiropractica-ryan.jpg"},{"@type":"BreadcrumbList","@id":"https:\/\/quiropracticaryan.com\/en\/resultados\/#breadcrumb","itemListElement":[{"@type":"ListItem","position":1,"name":"Portada","item":"https:\/\/quiropracticaryan.com\/en\/"},{"@type":"ListItem","position":2,"name":"Results"}]},{"@type":"WebSite","@id":"https:\/\/quiropracticaryan.com\/#website","url":"https:\/\/quiropracticaryan.com\/","name":"Quiropr\u00e1ctica Ryan","description":"","potentialAction":[{"@type":"SearchAction","target":{"@type":"EntryPoint","urlTemplate":"https:\/\/quiropracticaryan.com\/?s={search_term_string}"},"query-input":{"@type":"PropertyValueSpecification","valueRequired":true,"valueName":"search_term_string"}}],"inLanguage":"en-US"}]}},"_links":{"self":[{"href":"https:\/\/quiropracticaryan.com\/en\/wp-json\/wp\/v2\/pages\/645\/"}],"collection":[{"href":"https:\/\/quiropracticaryan.com\/en\/wp-json\/wp\/v2\/pages\/"}],"about":[{"href":"https:\/\/quiropracticaryan.com\/en\/wp-json\/wp\/v2\/types\/page\/"}],"author":[{"embeddable":true,"href":"https:\/\/quiropracticaryan.com\/en\/wp-json\/wp\/v2\/users\/2\/"}],"replies":[{"embeddable":true,"href":"https:\/\/quiropracticaryan.com\/en\/wp-json\/wp\/v2\/comments\/?post=645"}],"version-history":[{"count":0,"href":"https:\/\/quiropracticaryan.com\/en\/wp-json\/wp\/v2\/pages\/645\/revisions\/"}],"wp:attachment":[{"href":"https:\/\/quiropracticaryan.com\/en\/wp-json\/wp\/v2\/media\/?parent=645"}],"curies":[{"name":"wp","href":"https:\/\/api.w.org\/{rel}","templated":true}]}}